{"id":96,"date":"2021-06-10T09:24:46","date_gmt":"2021-06-10T09:24:46","guid":{"rendered":"https:\/\/dorontash.com\/en\/?page_id=96"},"modified":"2021-06-20T06:08:25","modified_gmt":"2021-06-20T06:08:25","slug":"representatives","status":"publish","type":"page","link":"https:\/\/dorontash.com\/en\/representatives\/","title":{"rendered":"Representatives"},"content":{"rendered":"<section class=\"l-section wpb_row us_custom_6df4bc3a height_medium has_text_color with_img parallax_ver parallaxdir_reversed with_overlay\"><div class=\"l-section-img\" style=\"background-image: url(https:\/\/dorontash.com\/en\/wp-content\/uploads\/2021\/06\/photo-1575277340599-43db25b63b6f-1.jpg);background-repeat: no-repeat;\" data-img-width=\"1950\" data-img-height=\"1300\"><\/div><div class=\"l-section-overlay\" style=\"background: rgba(171,29,53,0.85)\"><\/div><div class=\"l-section-h i-cf\"><div class=\"g-cols vc_row type_default valign_middle\"><div class=\"vc_col-sm-6 wpb_column vc_column_container\"><div class=\"vc_column-inner\"><div class=\"wpb_wrapper\"><h2 class=\"w-post-elm post_title us_custom_fe886e40 entry-title color_link_inherit\">Representatives<\/h2><\/div><\/div><\/div><div class=\"vc_col-sm-6 wpb_column vc_column_container\"><div class=\"vc_column-inner\"><div class=\"wpb_wrapper\"><ol class=\"g-breadcrumbs us_custom_4ba9ed39 separator_custom align_right has_text_color\" itemscope itemtype=\"http:\/\/schema.org\/BreadcrumbList\"><li class=\"g-breadcrumbs-item\" itemprop=\"itemListElement\" itemscope itemtype=\"http:\/\/schema.org\/ListItem\"><a itemprop=\"item\" href=\"https:\/\/dorontash.com\/en\/\"><span itemprop=\"name\">Home<\/span><\/a><meta itemprop=\"position\" content=\"1\"\/><\/li><li class=\"g-breadcrumbs-separator\">\/<\/li><li class=\"g-breadcrumbs-item\">Pages<\/li><\/ol><\/div><\/div><\/div><\/div><\/div><\/section>\n<section class=\"l-section wpb_row height_medium\"><div class=\"l-section-h i-cf\"><div class=\"g-cols vc_row type_default valign_top\"><div class=\"vc_col-sm-12 wpb_column vc_column_container\"><div class=\"vc_column-inner\"><div class=\"wpb_wrapper\"><div class=\"wpb_text_column\" ><div class=\"wpb_wrapper\"><h1>Taschen, Geldb\u00f6rsen, Rucks\u00e4cke &amp; Koffer online bestellen bei wardow.com<\/h1>\n<p><b>wardow.com ist Deutschlands f\u00fchrender Onlineshop f\u00fcr hochwertige Taschen, Accessoires und Reisegep\u00e4ck im Premium- und Luxussegment. Von Aigner \u00fcber Campomaggi bis hin zu Versace Jeans Couture u. v. m., erhalten Sie bei uns angesagte Trends sowie zeitlose Klassiker f\u00fcr den besonderen Auftritt.<\/b><\/p>\n<h2>Entdecken Sie die neusten Taschen Kollektionen und ein st\u00e4ndig wachsendes Sortiment auf wardow.com<\/h2>\n<p>Was Ihre perfekte Tasche ausmacht, wissen Sie selbst am besten, darum bietet wardow.com eine vielf\u00e4ltige Auswahl f\u00fcr jeden Geschmack! Unser Sortiment umfasst hochwertige Markentaschen bis hin zu edlen Luxustaschen und die dazu passenden\u00a0Geldb\u00f6rsen\u00a0im Hoch- oder Querformat. Wir lassen dabei nicht nur das Frauenherz h\u00f6herschlagen: Vom zeitlosen Messenger bis hin zum funktionalen\u00a0Rolltop Rucksack\u00a0\u2013 unsere Auswahl an Herrentaschen l\u00e4sst ebenso keine W\u00fcnsche offen. Bei der Kategorie Business und Laptop setzen wir auf eine stilsichere Kombination aus Design und Funktion. Check-in freundliche\u00a0Laptoptaschen, Business Trolleys und Aktenkoffer sind auf eine schnelle Abfertigung am Flughafen optimiert und bieten eine clevere Inneneinteilung f\u00fcr alle Business Utensilien. Oder suchen Sie nach\u00a0Reisegep\u00e4ck? Bei wardow.com k\u00f6nnen Sie zwischen klassischen Hartschalen- und Aluminiumkoffern, hochwertigem Weichgep\u00e4ck, stilvollen Lederkoffern und urbanen\u00a0Reisetaschen\u00a0w\u00e4hlen. Die Koffer der neuen Generation punkten dabei mit intelligenten Features wie integrierten USB-Anschl\u00fcssen oder herausnehmbarer Power Bank. Geschmackvolle Accessoires f\u00fcr Damen und Herren erg\u00e4nzen unser Produktangebot. Wir f\u00fchren u. a. RFID Geldb\u00f6rsen und\u00a0Lederg\u00fcrtel.<\/p>\n<\/div><\/div>\n<\/div><\/div><\/div><\/div><\/div><\/section>\n","protected":false},"excerpt":{"rendered":"RepresentativesHome\/Pages Taschen, Geldb\u00f6rsen, Rucks\u00e4cke &amp; Koffer online bestellen bei wardow.com wardow.com ist Deutschlands f\u00fchrender Onlineshop f\u00fcr hochwertige Taschen, Accessoires und Reisegep\u00e4ck im Premium- und Luxussegment. Von Aigner \u00fcber Campomaggi bis hin zu Versace Jeans Couture u. v. m., erhalten Sie bei uns angesagte Trends sowie zeitlose Klassiker f\u00fcr den besonderen Auftritt. Entdecken Sie die neusten...","protected":false},"author":3,"featured_media":0,"parent":0,"menu_order":0,"comment_status":"closed","ping_status":"closed","template":"","meta":{"_acf_changed":false,"footnotes":""},"class_list":["post-96","page","type-page","status-publish","hentry"],"acf":[],"yoast_head":"<!-- This site is optimized with the Yoast SEO plugin v27.4 - https:\/\/yoast.com\/product\/yoast-seo-wordpress\/ -->\n<title>Representatives - Dorontash<\/title>\n<meta name=\"robots\" content=\"index, follow, max-snippet:-1, max-image-preview:large, max-video-preview:-1\" \/>\n<link rel=\"canonical\" href=\"https:\/\/dorontash.com\/en\/representatives\/\" \/>\n<meta property=\"og:locale\" content=\"en_US\" \/>\n<meta property=\"og:type\" content=\"article\" \/>\n<meta property=\"og:title\" content=\"Representatives - Dorontash\" \/>\n<meta property=\"og:url\" content=\"https:\/\/dorontash.com\/en\/representatives\/\" \/>\n<meta property=\"og:site_name\" content=\"Dorontash\" \/>\n<meta property=\"article:modified_time\" content=\"2021-06-20T06:08:25+00:00\" \/>\n<meta name=\"twitter:card\" content=\"summary_large_image\" \/>\n<script type=\"application\/ld+json\" class=\"yoast-schema-graph\">{\"@context\":\"https:\\\/\\\/schema.org\",\"@graph\":[{\"@type\":\"WebPage\",\"@id\":\"https:\\\/\\\/dorontash.com\\\/en\\\/representatives\\\/\",\"url\":\"https:\\\/\\\/dorontash.com\\\/en\\\/representatives\\\/\",\"name\":\"Representatives - Dorontash\",\"isPartOf\":{\"@id\":\"https:\\\/\\\/dorontash.com\\\/en\\\/#website\"},\"datePublished\":\"2021-06-10T09:24:46+00:00\",\"dateModified\":\"2021-06-20T06:08:25+00:00\",\"breadcrumb\":{\"@id\":\"https:\\\/\\\/dorontash.com\\\/en\\\/representatives\\\/#breadcrumb\"},\"inLanguage\":\"en-US\",\"potentialAction\":[{\"@type\":\"ReadAction\",\"target\":[\"https:\\\/\\\/dorontash.com\\\/en\\\/representatives\\\/\"]}]},{\"@type\":\"BreadcrumbList\",\"@id\":\"https:\\\/\\\/dorontash.com\\\/en\\\/representatives\\\/#breadcrumb\",\"itemListElement\":[{\"@type\":\"ListItem\",\"position\":1,\"name\":\"Home\",\"item\":\"https:\\\/\\\/dorontash.com\\\/en\\\/\"},{\"@type\":\"ListItem\",\"position\":2,\"name\":\"Representatives\"}]},{\"@type\":\"WebSite\",\"@id\":\"https:\\\/\\\/dorontash.com\\\/en\\\/#website\",\"url\":\"https:\\\/\\\/dorontash.com\\\/en\\\/\",\"name\":\"Dorontash\",\"description\":\"Dorontash Crafts\",\"potentialAction\":[{\"@type\":\"SearchAction\",\"target\":{\"@type\":\"EntryPoint\",\"urlTemplate\":\"https:\\\/\\\/dorontash.com\\\/en\\\/?s={search_term_string}\"},\"query-input\":{\"@type\":\"PropertyValueSpecification\",\"valueRequired\":true,\"valueName\":\"search_term_string\"}}],\"inLanguage\":\"en-US\"}]}<\/script>\n<!-- \/ Yoast SEO plugin. -->","yoast_head_json":{"title":"Representatives - Dorontash","robots":{"index":"index","follow":"follow","max-snippet":"max-snippet:-1","max-image-preview":"max-image-preview:large","max-video-preview":"max-video-preview:-1"},"canonical":"https:\/\/dorontash.com\/en\/representatives\/","og_locale":"en_US","og_type":"article","og_title":"Representatives - Dorontash","og_url":"https:\/\/dorontash.com\/en\/representatives\/","og_site_name":"Dorontash","article_modified_time":"2021-06-20T06:08:25+00:00","twitter_card":"summary_large_image","schema":{"@context":"https:\/\/schema.org","@graph":[{"@type":"WebPage","@id":"https:\/\/dorontash.com\/en\/representatives\/","url":"https:\/\/dorontash.com\/en\/representatives\/","name":"Representatives - Dorontash","isPartOf":{"@id":"https:\/\/dorontash.com\/en\/#website"},"datePublished":"2021-06-10T09:24:46+00:00","dateModified":"2021-06-20T06:08:25+00:00","breadcrumb":{"@id":"https:\/\/dorontash.com\/en\/representatives\/#breadcrumb"},"inLanguage":"en-US","potentialAction":[{"@type":"ReadAction","target":["https:\/\/dorontash.com\/en\/representatives\/"]}]},{"@type":"BreadcrumbList","@id":"https:\/\/dorontash.com\/en\/representatives\/#breadcrumb","itemListElement":[{"@type":"ListItem","position":1,"name":"Home","item":"https:\/\/dorontash.com\/en\/"},{"@type":"ListItem","position":2,"name":"Representatives"}]},{"@type":"WebSite","@id":"https:\/\/dorontash.com\/en\/#website","url":"https:\/\/dorontash.com\/en\/","name":"Dorontash","description":"Dorontash Crafts","potentialAction":[{"@type":"SearchAction","target":{"@type":"EntryPoint","urlTemplate":"https:\/\/dorontash.com\/en\/?s={search_term_string}"},"query-input":{"@type":"PropertyValueSpecification","valueRequired":true,"valueName":"search_term_string"}}],"inLanguage":"en-US"}]}},"_links":{"self":[{"href":"https:\/\/dorontash.com\/en\/wp-json\/wp\/v2\/pages\/96","targetHints":{"allow":["GET"]}}],"collection":[{"href":"https:\/\/dorontash.com\/en\/wp-json\/wp\/v2\/pages"}],"about":[{"href":"https:\/\/dorontash.com\/en\/wp-json\/wp\/v2\/types\/page"}],"author":[{"embeddable":true,"href":"https:\/\/dorontash.com\/en\/wp-json\/wp\/v2\/users\/3"}],"replies":[{"embeddable":true,"href":"https:\/\/dorontash.com\/en\/wp-json\/wp\/v2\/comments?post=96"}],"version-history":[{"count":2,"href":"https:\/\/dorontash.com\/en\/wp-json\/wp\/v2\/pages\/96\/revisions"}],"predecessor-version":[{"id":254,"href":"https:\/\/dorontash.com\/en\/wp-json\/wp\/v2\/pages\/96\/revisions\/254"}],"wp:attachment":[{"href":"https:\/\/dorontash.com\/en\/wp-json\/wp\/v2\/media?parent=96"}],"curies":[{"name":"wp","href":"https:\/\/api.w.org\/{rel}","templated":true}]}}